{"id":170,"date":"2023-02-02T12:43:11","date_gmt":"2023-02-02T12:43:11","guid":{"rendered":"https:\/\/test4.bestia.hu\/kontakt-en\/"},"modified":"2023-06-12T14:11:40","modified_gmt":"2023-06-12T14:11:40","slug":"contact","status":"publish","type":"page","link":"https:\/\/drinksteap.com\/en\/contact\/","title":{"rendered":"Contact"},"content":{"rendered":"<div id=\"cs-content\" class=\"cs-content\"><\/div>\n","protected":false},"excerpt":{"rendered":"<p>Hello!Welcome to the world of Steap Kombucha! Kombucha is something else. It\u2019s not only refreshing. It\u2019s not only cooling. It\u2019s a source of excitement. This is the new face of tea. Hell\u00f3! \u00dcdv\u00f6zl\u00fcnk a Steap Kombucha vil\u00e1g\u00e1ban! A kombucha valami m\u00e1s. Nem csak friss\u00edt. Nem csak h\u0171s\u00edt. Izgalmat ad. Ez a tea \u00faj arca. ContactKombucha is a high-quality tea infusion &#8230; <\/p>\n<div><a href=\"https:\/\/drinksteap.com\/en\/contact\/\" class=\"more-link\">Read More<\/a><\/div>\n","protected":false},"author":2,"featured_media":0,"parent":0,"menu_order":0,"comment_status":"closed","ping_status":"closed","template":"template-blank-4.php","meta":{"footnotes":""},"class_list":["post-170","page","type-page","status-publish","hentry","no-post-thumbnail"],"acf":[],"_links":{"self":[{"href":"https:\/\/drinksteap.com\/en\/wp-json\/wp\/v2\/pages\/170","targetHints":{"allow":["GET"]}}],"collection":[{"href":"https:\/\/drinksteap.com\/en\/wp-json\/wp\/v2\/pages"}],"about":[{"href":"https:\/\/drinksteap.com\/en\/wp-json\/wp\/v2\/types\/page"}],"author":[{"embeddable":true,"href":"https:\/\/drinksteap.com\/en\/wp-json\/wp\/v2\/users\/2"}],"replies":[{"embeddable":true,"href":"https:\/\/drinksteap.com\/en\/wp-json\/wp\/v2\/comments?post=170"}],"version-history":[{"count":7,"href":"https:\/\/drinksteap.com\/en\/wp-json\/wp\/v2\/pages\/170\/revisions"}],"predecessor-version":[{"id":288,"href":"https:\/\/drinksteap.com\/en\/wp-json\/wp\/v2\/pages\/170\/revisions\/288"}],"wp:attachment":[{"href":"https:\/\/drinksteap.com\/en\/wp-json\/wp\/v2\/media?parent=170"}],"curies":[{"name":"wp","href":"https:\/\/api.w.org\/{rel}","templated":true}]}}