{"id":164,"date":"2023-02-02T12:43:00","date_gmt":"2023-02-02T12:43:00","guid":{"rendered":"https:\/\/test4.bestia.hu\/rolunk-en\/"},"modified":"2023-06-20T15:17:52","modified_gmt":"2023-06-20T15:17:52","slug":"about","status":"publish","type":"page","link":"https:\/\/drinksteap.com\/en\/about\/","title":{"rendered":"About"},"content":{"rendered":"<div id=\"cs-content\" class=\"cs-content\"><\/div>\n","protected":false},"excerpt":{"rendered":"<p>Hello!Welcome to the world of Steap Kombucha! Kombucha is something else. It\u2019s not only refreshing. It\u2019s not only cooling. It\u2019s a source of excitement. This is the new face of tea. Hell\u00f3! \u00dcdv\u00f6zl\u00fcnk a Steap Kombucha vil\u00e1g\u00e1ban! A kombucha valami m\u00e1s. Nem csak friss\u00edt. Nem csak h\u0171s\u00edt. Izgalmat ad. Ez a tea \u00faj arca. StoryHello! I am Rich\u00e1rd Pesti, food &#8230; <\/p>\n<div><a href=\"https:\/\/drinksteap.com\/en\/about\/\" class=\"more-link\">Read More<\/a><\/div>\n","protected":false},"author":2,"featured_media":0,"parent":0,"menu_order":0,"comment_status":"closed","ping_status":"closed","template":"template-blank-4.php","meta":{"footnotes":""},"class_list":["post-164","page","type-page","status-publish","hentry","no-post-thumbnail"],"acf":[],"_links":{"self":[{"href":"https:\/\/drinksteap.com\/en\/wp-json\/wp\/v2\/pages\/164","targetHints":{"allow":["GET"]}}],"collection":[{"href":"https:\/\/drinksteap.com\/en\/wp-json\/wp\/v2\/pages"}],"about":[{"href":"https:\/\/drinksteap.com\/en\/wp-json\/wp\/v2\/types\/page"}],"author":[{"embeddable":true,"href":"https:\/\/drinksteap.com\/en\/wp-json\/wp\/v2\/users\/2"}],"replies":[{"embeddable":true,"href":"https:\/\/drinksteap.com\/en\/wp-json\/wp\/v2\/comments?post=164"}],"version-history":[{"count":21,"href":"https:\/\/drinksteap.com\/en\/wp-json\/wp\/v2\/pages\/164\/revisions"}],"predecessor-version":[{"id":316,"href":"https:\/\/drinksteap.com\/en\/wp-json\/wp\/v2\/pages\/164\/revisions\/316"}],"wp:attachment":[{"href":"https:\/\/drinksteap.com\/en\/wp-json\/wp\/v2\/media?parent=164"}],"curies":[{"name":"wp","href":"https:\/\/api.w.org\/{rel}","templated":true}]}}